{"id":635,"date":"2020-06-09T15:00:05","date_gmt":"2020-06-09T13:00:05","guid":{"rendered":"https:\/\/lefilentrop.fr\/?page_id=635"},"modified":"2020-06-09T15:00:05","modified_gmt":"2020-06-09T13:00:05","slug":"mon-compte","status":"publish","type":"page","link":"https:\/\/lefilentrop.fr\/?page_id=635","title":{"rendered":"Mon compte"},"content":{"rendered":"<div class=\"woocommerce\"><div class=\"woocommerce-notices-wrapper\"><\/div>\n\n<div class=\"u-columns col2-set\" id=\"customer_login\">\n\n\t<div class=\"u-column1 col-1\">\n\n\n\t\t<h2>Login<\/h2>\n\n\t\t<form class=\"woocommerce-form woocommerce-form-login login\" method=\"post\">\n\n\t\t\t\n\t\t\t<p class=\"woocommerce-form-row woocommerce-form-row--wide form-row form-row-wide\">\n\t\t\t\t<label for=\"username\">Username or email address&nbsp;<span class=\"required\">*<\/span><\/label>\n\t\t\t\t<input type=\"text\" class=\"woocommerce-Input woocommerce-Input--text input-text\" name=\"username\" id=\"username\" autocomplete=\"username\" value=\"\" \/>\t\t\t<\/p>\n\t\t\t<p class=\"woocommerce-form-row woocommerce-form-row--wide form-row form-row-wide\">\n\t\t\t\t<label for=\"password\">Password&nbsp;<span class=\"required\">*<\/span><\/label>\n\t\t\t\t<input class=\"woocommerce-Input woocommerce-Input--text input-text\" type=\"password\" name=\"password\" id=\"password\" autocomplete=\"current-password\" \/>\n\t\t\t<\/p>\n\n\t\t\t\n\t\t\t<p class=\"form-row\">\n\t\t\t\t<label class=\"woocommerce-form__label woocommerce-form__label-for-checkbox woocommerce-form-login__rememberme\">\n\t\t\t\t\t<input class=\"woocommerce-form__input woocommerce-form__input-checkbox\" name=\"rememberme\" type=\"checkbox\" id=\"rememberme\" value=\"forever\" \/> <span>Remember me<\/span>\n\t\t\t\t<\/label>\n\t\t\t\t<input type=\"hidden\" id=\"woocommerce-login-nonce\" name=\"woocommerce-login-nonce\" value=\"c9cbbddb3e\" \/><input type=\"hidden\" name=\"_wp_http_referer\" value=\"\/index.php?rest_route=%2Fwp%2Fv2%2Fpages%2F635\" \/>\t\t\t\t<button type=\"submit\" class=\"woocommerce-button button woocommerce-form-login__submit\" name=\"login\" value=\"Log in\">Log in<\/button>\n\t\t\t<\/p>\n\t\t\t<p class=\"woocommerce-LostPassword lost_password\">\n\t\t\t\t<a href=\"https:\/\/lefilentrop.fr\/?page_id=635&#038;lost-password\">Lost your password?<\/a>\n\t\t\t<\/p>\n\n\t\t\t\n\t\t<\/form>\n\n\n\t<\/div>\n\n\t<div class=\"u-column2 col-2\">\n\n\t\t<h2>Register<\/h2>\n\n\t\t<form method=\"post\" class=\"woocommerce-form woocommerce-form-register register\"  >\n\n\t\t\t\n\t\t\t\n\t\t\t<p class=\"woocommerce-form-row woocommerce-form-row--wide form-row form-row-wide\">\n\t\t\t\t<label for=\"reg_email\">Email address&nbsp;<span class=\"required\">*<\/span><\/label>\n\t\t\t\t<input type=\"email\" class=\"woocommerce-Input woocommerce-Input--text input-text\" name=\"email\" id=\"reg_email\" autocomplete=\"email\" value=\"\" \/>\t\t\t<\/p>\n\n\t\t\t\n\t\t\t\t<p class=\"woocommerce-form-row woocommerce-form-row--wide form-row form-row-wide\">\n\t\t\t\t\t<label for=\"reg_password\">Password&nbsp;<span class=\"required\">*<\/span><\/label>\n\t\t\t\t\t<input type=\"password\" class=\"woocommerce-Input woocommerce-Input--text input-text\" name=\"password\" id=\"reg_password\" autocomplete=\"new-password\" \/>\n\t\t\t\t<\/p>\n\n\t\t\t\n\t\t\t<input type=\"hidden\" name=\"wc_order_attribution_type\" value=\"\" \/><input type=\"hidden\" name=\"wc_order_attribution_url\" value=\"\" \/><input type=\"hidden\" name=\"wc_order_attribution_utm_campaign\" value=\"\" \/><input type=\"hidden\" name=\"wc_order_attribution_utm_source\" value=\"\" \/><input type=\"hidden\" name=\"wc_order_attribution_utm_medium\" value=\"\" \/><input type=\"hidden\" name=\"wc_order_attribution_utm_content\" value=\"\" \/><input type=\"hidden\" name=\"wc_order_attribution_utm_id\" value=\"\" \/><input type=\"hidden\" name=\"wc_order_attribution_utm_term\" value=\"\" \/><input type=\"hidden\" name=\"wc_order_attribution_session_entry\" value=\"\" \/><input type=\"hidden\" name=\"wc_order_attribution_session_start_time\" value=\"\" \/><input type=\"hidden\" name=\"wc_order_attribution_session_pages\" value=\"\" \/><input type=\"hidden\" name=\"wc_order_attribution_session_count\" value=\"\" \/><input type=\"hidden\" name=\"wc_order_attribution_user_agent\" value=\"\" \/><div class=\"woocommerce-privacy-policy-text\"><p>Vos donn\u00e9es personnelles seront utilis\u00e9es pour vous accompagner au cours de votre visite du site web, g\u00e9rer l\u2019acc\u00e8s \u00e0 votre compte, et pour d\u2019autres raisons d\u00e9crites dans notre <a href=\"https:\/\/lefilentrop.fr\/?page_id=3\" class=\"woocommerce-privacy-policy-link\" target=\"_blank\">privacy policy<\/a>.<\/p>\n<\/div>\n\t\t\t<p class=\"woocommerce-form-row form-row\">\n\t\t\t\t<input type=\"hidden\" id=\"woocommerce-register-nonce\" name=\"woocommerce-register-nonce\" value=\"4a1c849a45\" \/><input type=\"hidden\" name=\"_wp_http_referer\" value=\"\/index.php?rest_route=%2Fwp%2Fv2%2Fpages%2F635\" \/>\t\t\t\t<button type=\"submit\" class=\"woocommerce-Button woocommerce-button button woocommerce-form-register__submit\" name=\"register\" value=\"Register\">Register<\/button>\n\t\t\t<\/p>\n\n\t\t\t\n\t\t<\/form>\n\n\t<\/div>\n\n<\/div>\n\n<\/div>\n","protected":false},"excerpt":{"rendered":"","protected":false},"author":1,"featured_media":0,"parent":0,"menu_order":0,"comment_status":"closed","ping_status":"closed","template":"","meta":{"footnotes":""},"yoast_head":"<!-- This site is optimized with the Yoast SEO plugin v21.9.1 - https:\/\/yoast.com\/wordpress\/plugins\/seo\/ -->\n<title>Mon compte - Le Fil en Trop&#039; _ Caf\u00e9 Tricot<\/title>\n<meta name=\"robots\" content=\"index, follow, max-snippet:-1, max-image-preview:large, max-video-preview:-1\" \/>\n<link rel=\"canonical\" href=\"https:\/\/lefilentrop.fr\/?page_id=635\" \/>\n<meta property=\"og:locale\" content=\"en_US\" \/>\n<meta property=\"og:type\" content=\"article\" \/>\n<meta property=\"og:title\" content=\"Mon compte - Le Fil en Trop&#039; _ Caf\u00e9 Tricot\" \/>\n<meta property=\"og:url\" content=\"https:\/\/lefilentrop.fr\/?page_id=635\" \/>\n<meta property=\"og:site_name\" content=\"Le Fil en Trop&#039; _ Caf\u00e9 Tricot\" \/>\n<meta property=\"article:publisher\" content=\"https:\/\/www.facebook.com\/lefilentrop.marseille\" \/>\n<meta name=\"twitter:card\" content=\"summary_large_image\" \/>\n<script type=\"application\/ld+json\" class=\"yoast-schema-graph\">{\"@context\":\"https:\/\/schema.org\",\"@graph\":[{\"@type\":\"WebPage\",\"@id\":\"https:\/\/lefilentrop.fr\/?page_id=635\",\"url\":\"https:\/\/lefilentrop.fr\/?page_id=635\",\"name\":\"Mon compte - Le Fil en Trop&#039; _ Caf\u00e9 Tricot\",\"isPartOf\":{\"@id\":\"https:\/\/lefilentrop.fr\/#website\"},\"datePublished\":\"2020-06-09T13:00:05+00:00\",\"dateModified\":\"2020-06-09T13:00:05+00:00\",\"breadcrumb\":{\"@id\":\"https:\/\/lefilentrop.fr\/?page_id=635#breadcrumb\"},\"inLanguage\":\"en-US\",\"potentialAction\":[{\"@type\":\"ReadAction\",\"target\":[\"https:\/\/lefilentrop.fr\/?page_id=635\"]}]},{\"@type\":\"BreadcrumbList\",\"@id\":\"https:\/\/lefilentrop.fr\/?page_id=635#breadcrumb\",\"itemListElement\":[{\"@type\":\"ListItem\",\"position\":1,\"name\":\"Accueil\",\"item\":\"https:\/\/lefilentrop.fr\/\"},{\"@type\":\"ListItem\",\"position\":2,\"name\":\"Mon compte\"}]},{\"@type\":\"WebSite\",\"@id\":\"https:\/\/lefilentrop.fr\/#website\",\"url\":\"https:\/\/lefilentrop.fr\/\",\"name\":\"Le Fil en Trop' Caf\u00e9 Tricot\",\"description\":\"124 rue d&#039;Aubagne - 13006 Marseille\",\"publisher\":{\"@id\":\"https:\/\/lefilentrop.fr\/#organization\"},\"potentialAction\":[{\"@type\":\"SearchAction\",\"target\":{\"@type\":\"EntryPoint\",\"urlTemplate\":\"https:\/\/lefilentrop.fr\/?s={search_term_string}\"},\"query-input\":\"required name=search_term_string\"}],\"inLanguage\":\"en-US\"},{\"@type\":\"Organization\",\"@id\":\"https:\/\/lefilentrop.fr\/#organization\",\"name\":\"Le Fil en Trop'\",\"url\":\"https:\/\/lefilentrop.fr\/\",\"logo\":{\"@type\":\"ImageObject\",\"inLanguage\":\"en-US\",\"@id\":\"https:\/\/lefilentrop.fr\/#\/schema\/logo\/image\/\",\"url\":\"https:\/\/lefilentrop.fr\/wp-content\/uploads\/2020\/11\/lefilentrop.logo_.1-e1604242662254.png\",\"contentUrl\":\"https:\/\/lefilentrop.fr\/wp-content\/uploads\/2020\/11\/lefilentrop.logo_.1-e1604242662254.png\",\"width\":100,\"height\":99,\"caption\":\"Le Fil en Trop'\"},\"image\":{\"@id\":\"https:\/\/lefilentrop.fr\/#\/schema\/logo\/image\/\"},\"sameAs\":[\"https:\/\/www.facebook.com\/lefilentrop.marseille\",\"https:\/\/www.instagram.com\/lefilentrop.marseille\/?hl=fr\"]}]}<\/script>\n<!-- \/ Yoast SEO plugin. -->","yoast_head_json":{"title":"Mon compte - Le Fil en Trop&#039; _ Caf\u00e9 Tricot","robots":{"index":"index","follow":"follow","max-snippet":"max-snippet:-1","max-image-preview":"max-image-preview:large","max-video-preview":"max-video-preview:-1"},"canonical":"https:\/\/lefilentrop.fr\/?page_id=635","og_locale":"en_US","og_type":"article","og_title":"Mon compte - Le Fil en Trop&#039; _ Caf\u00e9 Tricot","og_url":"https:\/\/lefilentrop.fr\/?page_id=635","og_site_name":"Le Fil en Trop&#039; _ Caf\u00e9 Tricot","article_publisher":"https:\/\/www.facebook.com\/lefilentrop.marseille","twitter_card":"summary_large_image","schema":{"@context":"https:\/\/schema.org","@graph":[{"@type":"WebPage","@id":"https:\/\/lefilentrop.fr\/?page_id=635","url":"https:\/\/lefilentrop.fr\/?page_id=635","name":"Mon compte - Le Fil en Trop&#039; _ Caf\u00e9 Tricot","isPartOf":{"@id":"https:\/\/lefilentrop.fr\/#website"},"datePublished":"2020-06-09T13:00:05+00:00","dateModified":"2020-06-09T13:00:05+00:00","breadcrumb":{"@id":"https:\/\/lefilentrop.fr\/?page_id=635#breadcrumb"},"inLanguage":"en-US","potentialAction":[{"@type":"ReadAction","target":["https:\/\/lefilentrop.fr\/?page_id=635"]}]},{"@type":"BreadcrumbList","@id":"https:\/\/lefilentrop.fr\/?page_id=635#breadcrumb","itemListElement":[{"@type":"ListItem","position":1,"name":"Accueil","item":"https:\/\/lefilentrop.fr\/"},{"@type":"ListItem","position":2,"name":"Mon compte"}]},{"@type":"WebSite","@id":"https:\/\/lefilentrop.fr\/#website","url":"https:\/\/lefilentrop.fr\/","name":"Le Fil en Trop' Caf\u00e9 Tricot","description":"124 rue d&#039;Aubagne - 13006 Marseille","publisher":{"@id":"https:\/\/lefilentrop.fr\/#organization"},"potentialAction":[{"@type":"SearchAction","target":{"@type":"EntryPoint","urlTemplate":"https:\/\/lefilentrop.fr\/?s={search_term_string}"},"query-input":"required name=search_term_string"}],"inLanguage":"en-US"},{"@type":"Organization","@id":"https:\/\/lefilentrop.fr\/#organization","name":"Le Fil en Trop'","url":"https:\/\/lefilentrop.fr\/","logo":{"@type":"ImageObject","inLanguage":"en-US","@id":"https:\/\/lefilentrop.fr\/#\/schema\/logo\/image\/","url":"https:\/\/lefilentrop.fr\/wp-content\/uploads\/2020\/11\/lefilentrop.logo_.1-e1604242662254.png","contentUrl":"https:\/\/lefilentrop.fr\/wp-content\/uploads\/2020\/11\/lefilentrop.logo_.1-e1604242662254.png","width":100,"height":99,"caption":"Le Fil en Trop'"},"image":{"@id":"https:\/\/lefilentrop.fr\/#\/schema\/logo\/image\/"},"sameAs":["https:\/\/www.facebook.com\/lefilentrop.marseille","https:\/\/www.instagram.com\/lefilentrop.marseille\/?hl=fr"]}]}},"jetpack_sharing_enabled":true,"_links":{"self":[{"href":"https:\/\/lefilentrop.fr\/index.php?rest_route=\/wp\/v2\/pages\/635"}],"collection":[{"href":"https:\/\/lefilentrop.fr\/index.php?rest_route=\/wp\/v2\/pages"}],"about":[{"href":"https:\/\/lefilentrop.fr\/index.php?rest_route=\/wp\/v2\/types\/page"}],"author":[{"embeddable":true,"href":"https:\/\/lefilentrop.fr\/index.php?rest_route=\/wp\/v2\/users\/1"}],"replies":[{"embeddable":true,"href":"https:\/\/lefilentrop.fr\/index.php?rest_route=%2Fwp%2Fv2%2Fcomments&post=635"}],"version-history":[{"count":0,"href":"https:\/\/lefilentrop.fr\/index.php?rest_route=\/wp\/v2\/pages\/635\/revisions"}],"wp:attachment":[{"href":"https:\/\/lefilentrop.fr\/index.php?rest_route=%2Fwp%2Fv2%2Fmedia&parent=635"}],"curies":[{"name":"wp","href":"https:\/\/api.w.org\/{rel}","templated":true}]}}