{"id":500,"date":"2019-09-27T12:20:36","date_gmt":"2019-09-27T10:20:36","guid":{"rendered":"https:\/\/lefilentrop.fr\/?page_id=500"},"modified":"2020-06-07T12:11:54","modified_gmt":"2020-06-07T10:11:54","slug":"nous-suivre","status":"publish","type":"page","link":"https:\/\/lefilentrop.fr\/?page_id=500","title":{"rendered":"Nous suivre"},"content":{"rendered":"\n<p>Vous pouvez nous retrouver sur les r\u00e9seaux sociaux ou vous inscrire \u00e0 notre newsletter pour recevoir nos mails :<\/p>\n\n\n\n<div class=\"wp-block-image\"><figure class=\"alignleft size-thumbnail is-resized\"><a href=\"https:\/\/www.instagram.com\/lefilentrop_marseille\/?hl=fr\"><img loading=\"lazy\" decoding=\"async\" src=\"https:\/\/lefilentrop.fr\/wp-content\/uploads\/2020\/06\/RS-02-150x150.png\" alt=\"\" class=\"wp-image-626\" width=\"71\" height=\"71\" srcset=\"https:\/\/lefilentrop.fr\/wp-content\/uploads\/2020\/06\/RS-02-150x150.png 150w, https:\/\/lefilentrop.fr\/wp-content\/uploads\/2020\/06\/RS-02-300x300.png 300w, https:\/\/lefilentrop.fr\/wp-content\/uploads\/2020\/06\/RS-02-100x100.png 100w, https:\/\/lefilentrop.fr\/wp-content\/uploads\/2020\/06\/RS-02-600x600.png 600w, https:\/\/lefilentrop.fr\/wp-content\/uploads\/2020\/06\/RS-02-768x768.png 768w, https:\/\/lefilentrop.fr\/wp-content\/uploads\/2020\/06\/RS-02.png 994w\" sizes=\"(max-width: 71px) 100vw, 71px\" \/><\/a><\/figure><\/div>\n\n\n\n<div class=\"wp-block-group\"><div class=\"wp-block-group__inner-container is-layout-flow wp-block-group-is-layout-flow\">\n<div class=\"wp-block-image\"><figure class=\"alignleft size-thumbnail is-resized\"><a href=\"https:\/\/www.facebook.com\/lefilentropmarseille\/?eid=ARCwQkm9I9yyy6YCLHkTk1XrLPPUrmaYXylX70x0qmomZJ5PW9jfbPf06FCJJzI7HaalgLcCVBrBJz27\"><img loading=\"lazy\" decoding=\"async\" src=\"https:\/\/lefilentrop.fr\/wp-content\/uploads\/2020\/06\/RS-03-150x150.png\" alt=\"\" class=\"wp-image-629\" width=\"67\" height=\"67\" srcset=\"https:\/\/lefilentrop.fr\/wp-content\/uploads\/2020\/06\/RS-03-150x150.png 150w, https:\/\/lefilentrop.fr\/wp-content\/uploads\/2020\/06\/RS-03-300x300.png 300w, https:\/\/lefilentrop.fr\/wp-content\/uploads\/2020\/06\/RS-03-100x100.png 100w, https:\/\/lefilentrop.fr\/wp-content\/uploads\/2020\/06\/RS-03-600x600.png 600w, https:\/\/lefilentrop.fr\/wp-content\/uploads\/2020\/06\/RS-03-768x768.png 768w, https:\/\/lefilentrop.fr\/wp-content\/uploads\/2020\/06\/RS-03.png 994w\" sizes=\"(max-width: 67px) 100vw, 67px\" \/><\/a><\/figure><\/div>\n<\/div><\/div>\n\n\n\n<p><\/p>\n\n\n\n<div class=\"wpforms-container wpforms-container-full\" id=\"wpforms-614\"><form id=\"wpforms-form-614\" class=\"wpforms-validate wpforms-form\" data-formid=\"614\" method=\"post\" enctype=\"multipart\/form-data\" action=\"\/index.php?rest_route=%2Fwp%2Fv2%2Fpages%2F500\" data-token=\"99b437b3be93a2f6750b66b36f5c54e0\"><noscript class=\"wpforms-error-noscript\">Please enable JavaScript in your browser to complete this form.<\/noscript><div class=\"wpforms-field-container\"><div id=\"wpforms-614-field_0-container\" class=\"wpforms-field wpforms-field-name\" data-field-id=\"0\"><label class=\"wpforms-field-label\" for=\"wpforms-614-field_0\">Nom <span class=\"wpforms-required-label\">*<\/span><\/label><div class=\"wpforms-field-row wpforms-field-medium\"><div class=\"wpforms-field-row-block wpforms-first wpforms-one-half\"><input type=\"text\" id=\"wpforms-614-field_0\" class=\"wpforms-field-name-first wpforms-field-required\" name=\"wpforms[fields][0][first]\" required><label for=\"wpforms-614-field_0\" class=\"wpforms-field-sublabel after \">First<\/label><\/div><div class=\"wpforms-field-row-block wpforms-one-half\"><input type=\"text\" id=\"wpforms-614-field_0-last\" class=\"wpforms-field-name-last wpforms-field-required\" name=\"wpforms[fields][0][last]\" required><label for=\"wpforms-614-field_0-last\" class=\"wpforms-field-sublabel after \">Last<\/label><\/div><\/div><\/div><div id=\"wpforms-614-field_1-container\" class=\"wpforms-field wpforms-field-email\" data-field-id=\"1\"><label class=\"wpforms-field-label\" for=\"wpforms-614-field_1\">E-mail <span class=\"wpforms-required-label\">*<\/span><\/label><input type=\"email\" id=\"wpforms-614-field_1\" class=\"wpforms-field-medium wpforms-field-required\" name=\"wpforms[fields][1]\" spellcheck=\"false\" required><\/div><\/div><!-- .wpforms-field-container --><div class=\"wpforms-field wpforms-field-hp\"><label for=\"wpforms-614-field-hp\" class=\"wpforms-field-label\">Message<\/label><input type=\"text\" name=\"wpforms[hp]\" id=\"wpforms-614-field-hp\" class=\"wpforms-field-medium\"><\/div><div class=\"wpforms-submit-container\" ><input type=\"hidden\" name=\"wpforms[id]\" value=\"614\"><input type=\"hidden\" name=\"wpforms[author]\" value=\"1\"><button type=\"submit\" name=\"wpforms[submit]\" id=\"wpforms-submit-614\" class=\"wpforms-submit\" data-alt-text=\"Envoi...\" data-submit-text=\"Envoyer\" aria-live=\"assertive\" value=\"wpforms-submit\">Envoyer<\/button><\/div><\/form><\/div>  <!-- .wpforms-container -->\n\n\n\n<p>Merci \ud83d\ude42 !<\/p>\n","protected":false},"excerpt":{"rendered":"<p>Vous pouvez nous retrouver sur les r\u00e9seaux sociaux ou vous inscrire \u00e0 notre newsletter pour recevoir nos mails : Merci \ud83d\ude42 !<\/p>\n","protected":false},"author":1,"featured_media":0,"parent":0,"menu_order":0,"comment_status":"closed","ping_status":"closed","template":"","meta":{"footnotes":""},"yoast_head":"<!-- This site is optimized with the Yoast SEO plugin v21.9.1 - https:\/\/yoast.com\/wordpress\/plugins\/seo\/ -->\n<title>Nous suivre - Le Fil en Trop&#039; _ Caf\u00e9 Tricot<\/title>\n<meta name=\"robots\" content=\"index, follow, max-snippet:-1, max-image-preview:large, max-video-preview:-1\" \/>\n<link rel=\"canonical\" href=\"https:\/\/lefilentrop.fr\/?page_id=500\" \/>\n<meta property=\"og:locale\" content=\"en_US\" \/>\n<meta property=\"og:type\" content=\"article\" \/>\n<meta property=\"og:title\" content=\"Nous suivre - Le Fil en Trop&#039; _ Caf\u00e9 Tricot\" \/>\n<meta property=\"og:description\" content=\"Vous pouvez nous retrouver sur les r\u00e9seaux sociaux ou vous inscrire \u00e0 notre newsletter pour recevoir nos mails : Merci \ud83d\ude42 !\" \/>\n<meta property=\"og:url\" content=\"https:\/\/lefilentrop.fr\/?page_id=500\" \/>\n<meta property=\"og:site_name\" content=\"Le Fil en Trop&#039; _ Caf\u00e9 Tricot\" \/>\n<meta property=\"article:publisher\" content=\"https:\/\/www.facebook.com\/lefilentrop.marseille\" \/>\n<meta property=\"article:modified_time\" content=\"2020-06-07T10:11:54+00:00\" \/>\n<meta property=\"og:image\" content=\"https:\/\/lefilentrop.fr\/wp-content\/uploads\/2020\/06\/RS-02-150x150.png\" \/>\n<meta name=\"twitter:card\" content=\"summary_large_image\" \/>\n<script type=\"application\/ld+json\" class=\"yoast-schema-graph\">{\"@context\":\"https:\/\/schema.org\",\"@graph\":[{\"@type\":\"WebPage\",\"@id\":\"https:\/\/lefilentrop.fr\/?page_id=500\",\"url\":\"https:\/\/lefilentrop.fr\/?page_id=500\",\"name\":\"Nous suivre - Le Fil en Trop&#039; _ Caf\u00e9 Tricot\",\"isPartOf\":{\"@id\":\"https:\/\/lefilentrop.fr\/#website\"},\"datePublished\":\"2019-09-27T10:20:36+00:00\",\"dateModified\":\"2020-06-07T10:11:54+00:00\",\"breadcrumb\":{\"@id\":\"https:\/\/lefilentrop.fr\/?page_id=500#breadcrumb\"},\"inLanguage\":\"en-US\",\"potentialAction\":[{\"@type\":\"ReadAction\",\"target\":[\"https:\/\/lefilentrop.fr\/?page_id=500\"]}]},{\"@type\":\"BreadcrumbList\",\"@id\":\"https:\/\/lefilentrop.fr\/?page_id=500#breadcrumb\",\"itemListElement\":[{\"@type\":\"ListItem\",\"position\":1,\"name\":\"Accueil\",\"item\":\"https:\/\/lefilentrop.fr\/\"},{\"@type\":\"ListItem\",\"position\":2,\"name\":\"Nous suivre\"}]},{\"@type\":\"WebSite\",\"@id\":\"https:\/\/lefilentrop.fr\/#website\",\"url\":\"https:\/\/lefilentrop.fr\/\",\"name\":\"Le Fil en Trop' Caf\u00e9 Tricot\",\"description\":\"124 rue d&#039;Aubagne - 13006 Marseille\",\"publisher\":{\"@id\":\"https:\/\/lefilentrop.fr\/#organization\"},\"potentialAction\":[{\"@type\":\"SearchAction\",\"target\":{\"@type\":\"EntryPoint\",\"urlTemplate\":\"https:\/\/lefilentrop.fr\/?s={search_term_string}\"},\"query-input\":\"required name=search_term_string\"}],\"inLanguage\":\"en-US\"},{\"@type\":\"Organization\",\"@id\":\"https:\/\/lefilentrop.fr\/#organization\",\"name\":\"Le Fil en Trop'\",\"url\":\"https:\/\/lefilentrop.fr\/\",\"logo\":{\"@type\":\"ImageObject\",\"inLanguage\":\"en-US\",\"@id\":\"https:\/\/lefilentrop.fr\/#\/schema\/logo\/image\/\",\"url\":\"https:\/\/lefilentrop.fr\/wp-content\/uploads\/2020\/11\/lefilentrop.logo_.1-e1604242662254.png\",\"contentUrl\":\"https:\/\/lefilentrop.fr\/wp-content\/uploads\/2020\/11\/lefilentrop.logo_.1-e1604242662254.png\",\"width\":100,\"height\":99,\"caption\":\"Le Fil en Trop'\"},\"image\":{\"@id\":\"https:\/\/lefilentrop.fr\/#\/schema\/logo\/image\/\"},\"sameAs\":[\"https:\/\/www.facebook.com\/lefilentrop.marseille\",\"https:\/\/www.instagram.com\/lefilentrop.marseille\/?hl=fr\"]}]}<\/script>\n<!-- \/ Yoast SEO plugin. -->","yoast_head_json":{"title":"Nous suivre - Le Fil en Trop&#039; _ Caf\u00e9 Tricot","robots":{"index":"index","follow":"follow","max-snippet":"max-snippet:-1","max-image-preview":"max-image-preview:large","max-video-preview":"max-video-preview:-1"},"canonical":"https:\/\/lefilentrop.fr\/?page_id=500","og_locale":"en_US","og_type":"article","og_title":"Nous suivre - Le Fil en Trop&#039; _ Caf\u00e9 Tricot","og_description":"Vous pouvez nous retrouver sur les r\u00e9seaux sociaux ou vous inscrire \u00e0 notre newsletter pour recevoir nos mails : Merci \ud83d\ude42 !","og_url":"https:\/\/lefilentrop.fr\/?page_id=500","og_site_name":"Le Fil en Trop&#039; _ Caf\u00e9 Tricot","article_publisher":"https:\/\/www.facebook.com\/lefilentrop.marseille","article_modified_time":"2020-06-07T10:11:54+00:00","og_image":[{"url":"https:\/\/lefilentrop.fr\/wp-content\/uploads\/2020\/06\/RS-02-150x150.png"}],"twitter_card":"summary_large_image","schema":{"@context":"https:\/\/schema.org","@graph":[{"@type":"WebPage","@id":"https:\/\/lefilentrop.fr\/?page_id=500","url":"https:\/\/lefilentrop.fr\/?page_id=500","name":"Nous suivre - Le Fil en Trop&#039; _ Caf\u00e9 Tricot","isPartOf":{"@id":"https:\/\/lefilentrop.fr\/#website"},"datePublished":"2019-09-27T10:20:36+00:00","dateModified":"2020-06-07T10:11:54+00:00","breadcrumb":{"@id":"https:\/\/lefilentrop.fr\/?page_id=500#breadcrumb"},"inLanguage":"en-US","potentialAction":[{"@type":"ReadAction","target":["https:\/\/lefilentrop.fr\/?page_id=500"]}]},{"@type":"BreadcrumbList","@id":"https:\/\/lefilentrop.fr\/?page_id=500#breadcrumb","itemListElement":[{"@type":"ListItem","position":1,"name":"Accueil","item":"https:\/\/lefilentrop.fr\/"},{"@type":"ListItem","position":2,"name":"Nous suivre"}]},{"@type":"WebSite","@id":"https:\/\/lefilentrop.fr\/#website","url":"https:\/\/lefilentrop.fr\/","name":"Le Fil en Trop' Caf\u00e9 Tricot","description":"124 rue d&#039;Aubagne - 13006 Marseille","publisher":{"@id":"https:\/\/lefilentrop.fr\/#organization"},"potentialAction":[{"@type":"SearchAction","target":{"@type":"EntryPoint","urlTemplate":"https:\/\/lefilentrop.fr\/?s={search_term_string}"},"query-input":"required name=search_term_string"}],"inLanguage":"en-US"},{"@type":"Organization","@id":"https:\/\/lefilentrop.fr\/#organization","name":"Le Fil en Trop'","url":"https:\/\/lefilentrop.fr\/","logo":{"@type":"ImageObject","inLanguage":"en-US","@id":"https:\/\/lefilentrop.fr\/#\/schema\/logo\/image\/","url":"https:\/\/lefilentrop.fr\/wp-content\/uploads\/2020\/11\/lefilentrop.logo_.1-e1604242662254.png","contentUrl":"https:\/\/lefilentrop.fr\/wp-content\/uploads\/2020\/11\/lefilentrop.logo_.1-e1604242662254.png","width":100,"height":99,"caption":"Le Fil en Trop'"},"image":{"@id":"https:\/\/lefilentrop.fr\/#\/schema\/logo\/image\/"},"sameAs":["https:\/\/www.facebook.com\/lefilentrop.marseille","https:\/\/www.instagram.com\/lefilentrop.marseille\/?hl=fr"]}]}},"jetpack_sharing_enabled":true,"_links":{"self":[{"href":"https:\/\/lefilentrop.fr\/index.php?rest_route=\/wp\/v2\/pages\/500"}],"collection":[{"href":"https:\/\/lefilentrop.fr\/index.php?rest_route=\/wp\/v2\/pages"}],"about":[{"href":"https:\/\/lefilentrop.fr\/index.php?rest_route=\/wp\/v2\/types\/page"}],"author":[{"embeddable":true,"href":"https:\/\/lefilentrop.fr\/index.php?rest_route=\/wp\/v2\/users\/1"}],"replies":[{"embeddable":true,"href":"https:\/\/lefilentrop.fr\/index.php?rest_route=%2Fwp%2Fv2%2Fcomments&post=500"}],"version-history":[{"count":6,"href":"https:\/\/lefilentrop.fr\/index.php?rest_route=\/wp\/v2\/pages\/500\/revisions"}],"predecessor-version":[{"id":630,"href":"https:\/\/lefilentrop.fr\/index.php?rest_route=\/wp\/v2\/pages\/500\/revisions\/630"}],"wp:attachment":[{"href":"https:\/\/lefilentrop.fr\/index.php?rest_route=%2Fwp%2Fv2%2Fmedia&parent=500"}],"curies":[{"name":"wp","href":"https:\/\/api.w.org\/{rel}","templated":true}]}}