{"id":2777,"date":"2021-07-17T14:40:53","date_gmt":"2021-07-17T12:40:53","guid":{"rendered":"https:\/\/lefilentrop.fr\/?page_id=2777"},"modified":"2022-09-12T10:19:32","modified_gmt":"2022-09-12T08:19:32","slug":"open-laine","status":"publish","type":"page","link":"https:\/\/lefilentrop.fr\/?page_id=2777","title":{"rendered":"Open Laine"},"content":{"rendered":"\n<h4 class=\"has-text-align-center wp-block-heading\"><em>Rencontre et partage autour des plaisirs du fil<\/em><\/h4>\n\n\n\n<h4 class=\"has-text-align-center wp-block-heading\"><strong>Gratuit<\/strong><\/h4>\n\n\n\n<p>Que vous crochetiez, tricotiez, filiez vous \u00eates le et la bienvenue aux Open Laine du Fil en Trop&#8217; ! Durant <strong>2H<\/strong> vous <strong>partagerez votre passion<\/strong> et vos exp\u00e9riences avec des <strong>amoureux.ses. des fils<\/strong> comme vous !<\/p>\n\n\n\n<p><\/p>\n\n\n\n<p>N&#8217;h\u00e9sitez plus et <strong>venez partager un moment de convivialit\u00e9 <\/strong>!<\/p>\n\n\n\n<p><\/p>\n\n\n\n<p><strong>Inscriptions&nbsp;<\/strong>:&nbsp;Les cr\u00e9neaux disponibles sont visibles sur le calendrier dans le menu principal.<\/p>\n\n\n\n<p class=\"has-text-align-center\">09.50.90.96.95 \u2013 07.82.75.13.31<\/p>\n","protected":false},"excerpt":{"rendered":"<p>Rencontre et partage autour des plaisirs du fil Gratuit Que vous crochetiez, tricotiez, filiez vous \u00eates le et la bienvenue aux Open Laine du Fil en Trop&#8217; ! Durant 2H vous partagerez votre passion et vos exp\u00e9riences avec des amoureux.ses. des fils comme vous ! N&#8217;h\u00e9sitez plus et venez partager un moment de convivialit\u00e9 ! [&hellip;]<\/p>\n","protected":false},"author":1,"featured_media":0,"parent":0,"menu_order":0,"comment_status":"closed","ping_status":"closed","template":"","meta":{"footnotes":""},"yoast_head":"<!-- This site is optimized with the Yoast SEO plugin v21.9.1 - https:\/\/yoast.com\/wordpress\/plugins\/seo\/ -->\n<title>Open Laine - Le Fil en Trop&#039; _ Caf\u00e9 Tricot<\/title>\n<meta name=\"robots\" content=\"index, follow, max-snippet:-1, max-image-preview:large, max-video-preview:-1\" \/>\n<link rel=\"canonical\" href=\"https:\/\/lefilentrop.fr\/?page_id=2777\" \/>\n<meta property=\"og:locale\" content=\"en_US\" \/>\n<meta property=\"og:type\" content=\"article\" \/>\n<meta property=\"og:title\" content=\"Open Laine - Le Fil en Trop&#039; _ Caf\u00e9 Tricot\" \/>\n<meta property=\"og:description\" content=\"Rencontre et partage autour des plaisirs du fil Gratuit Que vous crochetiez, tricotiez, filiez vous \u00eates le et la bienvenue aux Open Laine du Fil en Trop&#8217; ! Durant 2H vous partagerez votre passion et vos exp\u00e9riences avec des amoureux.ses. des fils comme vous ! N&#8217;h\u00e9sitez plus et venez partager un moment de convivialit\u00e9 ! [&hellip;]\" \/>\n<meta property=\"og:url\" content=\"https:\/\/lefilentrop.fr\/?page_id=2777\" \/>\n<meta property=\"og:site_name\" content=\"Le Fil en Trop&#039; _ Caf\u00e9 Tricot\" \/>\n<meta property=\"article:publisher\" content=\"https:\/\/www.facebook.com\/lefilentrop.marseille\" \/>\n<meta property=\"article:modified_time\" content=\"2022-09-12T08:19:32+00:00\" \/>\n<meta name=\"twitter:card\" content=\"summary_large_image\" \/>\n<script type=\"application\/ld+json\" class=\"yoast-schema-graph\">{\"@context\":\"https:\/\/schema.org\",\"@graph\":[{\"@type\":\"WebPage\",\"@id\":\"https:\/\/lefilentrop.fr\/?page_id=2777\",\"url\":\"https:\/\/lefilentrop.fr\/?page_id=2777\",\"name\":\"Open Laine - Le Fil en Trop&#039; _ Caf\u00e9 Tricot\",\"isPartOf\":{\"@id\":\"https:\/\/lefilentrop.fr\/#website\"},\"datePublished\":\"2021-07-17T12:40:53+00:00\",\"dateModified\":\"2022-09-12T08:19:32+00:00\",\"breadcrumb\":{\"@id\":\"https:\/\/lefilentrop.fr\/?page_id=2777#breadcrumb\"},\"inLanguage\":\"en-US\",\"potentialAction\":[{\"@type\":\"ReadAction\",\"target\":[\"https:\/\/lefilentrop.fr\/?page_id=2777\"]}]},{\"@type\":\"BreadcrumbList\",\"@id\":\"https:\/\/lefilentrop.fr\/?page_id=2777#breadcrumb\",\"itemListElement\":[{\"@type\":\"ListItem\",\"position\":1,\"name\":\"Accueil\",\"item\":\"https:\/\/lefilentrop.fr\/\"},{\"@type\":\"ListItem\",\"position\":2,\"name\":\"Open Laine\"}]},{\"@type\":\"WebSite\",\"@id\":\"https:\/\/lefilentrop.fr\/#website\",\"url\":\"https:\/\/lefilentrop.fr\/\",\"name\":\"Le Fil en Trop' Caf\u00e9 Tricot\",\"description\":\"124 rue d&#039;Aubagne - 13006 Marseille\",\"publisher\":{\"@id\":\"https:\/\/lefilentrop.fr\/#organization\"},\"potentialAction\":[{\"@type\":\"SearchAction\",\"target\":{\"@type\":\"EntryPoint\",\"urlTemplate\":\"https:\/\/lefilentrop.fr\/?s={search_term_string}\"},\"query-input\":\"required name=search_term_string\"}],\"inLanguage\":\"en-US\"},{\"@type\":\"Organization\",\"@id\":\"https:\/\/lefilentrop.fr\/#organization\",\"name\":\"Le Fil en Trop'\",\"url\":\"https:\/\/lefilentrop.fr\/\",\"logo\":{\"@type\":\"ImageObject\",\"inLanguage\":\"en-US\",\"@id\":\"https:\/\/lefilentrop.fr\/#\/schema\/logo\/image\/\",\"url\":\"https:\/\/lefilentrop.fr\/wp-content\/uploads\/2020\/11\/lefilentrop.logo_.1-e1604242662254.png\",\"contentUrl\":\"https:\/\/lefilentrop.fr\/wp-content\/uploads\/2020\/11\/lefilentrop.logo_.1-e1604242662254.png\",\"width\":100,\"height\":99,\"caption\":\"Le Fil en Trop'\"},\"image\":{\"@id\":\"https:\/\/lefilentrop.fr\/#\/schema\/logo\/image\/\"},\"sameAs\":[\"https:\/\/www.facebook.com\/lefilentrop.marseille\",\"https:\/\/www.instagram.com\/lefilentrop.marseille\/?hl=fr\"]}]}<\/script>\n<!-- \/ Yoast SEO plugin. -->","yoast_head_json":{"title":"Open Laine - Le Fil en Trop&#039; _ Caf\u00e9 Tricot","robots":{"index":"index","follow":"follow","max-snippet":"max-snippet:-1","max-image-preview":"max-image-preview:large","max-video-preview":"max-video-preview:-1"},"canonical":"https:\/\/lefilentrop.fr\/?page_id=2777","og_locale":"en_US","og_type":"article","og_title":"Open Laine - Le Fil en Trop&#039; _ Caf\u00e9 Tricot","og_description":"Rencontre et partage autour des plaisirs du fil Gratuit Que vous crochetiez, tricotiez, filiez vous \u00eates le et la bienvenue aux Open Laine du Fil en Trop&#8217; ! Durant 2H vous partagerez votre passion et vos exp\u00e9riences avec des amoureux.ses. des fils comme vous ! N&#8217;h\u00e9sitez plus et venez partager un moment de convivialit\u00e9 ! [&hellip;]","og_url":"https:\/\/lefilentrop.fr\/?page_id=2777","og_site_name":"Le Fil en Trop&#039; _ Caf\u00e9 Tricot","article_publisher":"https:\/\/www.facebook.com\/lefilentrop.marseille","article_modified_time":"2022-09-12T08:19:32+00:00","twitter_card":"summary_large_image","schema":{"@context":"https:\/\/schema.org","@graph":[{"@type":"WebPage","@id":"https:\/\/lefilentrop.fr\/?page_id=2777","url":"https:\/\/lefilentrop.fr\/?page_id=2777","name":"Open Laine - Le Fil en Trop&#039; _ Caf\u00e9 Tricot","isPartOf":{"@id":"https:\/\/lefilentrop.fr\/#website"},"datePublished":"2021-07-17T12:40:53+00:00","dateModified":"2022-09-12T08:19:32+00:00","breadcrumb":{"@id":"https:\/\/lefilentrop.fr\/?page_id=2777#breadcrumb"},"inLanguage":"en-US","potentialAction":[{"@type":"ReadAction","target":["https:\/\/lefilentrop.fr\/?page_id=2777"]}]},{"@type":"BreadcrumbList","@id":"https:\/\/lefilentrop.fr\/?page_id=2777#breadcrumb","itemListElement":[{"@type":"ListItem","position":1,"name":"Accueil","item":"https:\/\/lefilentrop.fr\/"},{"@type":"ListItem","position":2,"name":"Open Laine"}]},{"@type":"WebSite","@id":"https:\/\/lefilentrop.fr\/#website","url":"https:\/\/lefilentrop.fr\/","name":"Le Fil en Trop' Caf\u00e9 Tricot","description":"124 rue d&#039;Aubagne - 13006 Marseille","publisher":{"@id":"https:\/\/lefilentrop.fr\/#organization"},"potentialAction":[{"@type":"SearchAction","target":{"@type":"EntryPoint","urlTemplate":"https:\/\/lefilentrop.fr\/?s={search_term_string}"},"query-input":"required name=search_term_string"}],"inLanguage":"en-US"},{"@type":"Organization","@id":"https:\/\/lefilentrop.fr\/#organization","name":"Le Fil en Trop'","url":"https:\/\/lefilentrop.fr\/","logo":{"@type":"ImageObject","inLanguage":"en-US","@id":"https:\/\/lefilentrop.fr\/#\/schema\/logo\/image\/","url":"https:\/\/lefilentrop.fr\/wp-content\/uploads\/2020\/11\/lefilentrop.logo_.1-e1604242662254.png","contentUrl":"https:\/\/lefilentrop.fr\/wp-content\/uploads\/2020\/11\/lefilentrop.logo_.1-e1604242662254.png","width":100,"height":99,"caption":"Le Fil en Trop'"},"image":{"@id":"https:\/\/lefilentrop.fr\/#\/schema\/logo\/image\/"},"sameAs":["https:\/\/www.facebook.com\/lefilentrop.marseille","https:\/\/www.instagram.com\/lefilentrop.marseille\/?hl=fr"]}]}},"jetpack_sharing_enabled":true,"_links":{"self":[{"href":"https:\/\/lefilentrop.fr\/index.php?rest_route=\/wp\/v2\/pages\/2777"}],"collection":[{"href":"https:\/\/lefilentrop.fr\/index.php?rest_route=\/wp\/v2\/pages"}],"about":[{"href":"https:\/\/lefilentrop.fr\/index.php?rest_route=\/wp\/v2\/types\/page"}],"author":[{"embeddable":true,"href":"https:\/\/lefilentrop.fr\/index.php?rest_route=\/wp\/v2\/users\/1"}],"replies":[{"embeddable":true,"href":"https:\/\/lefilentrop.fr\/index.php?rest_route=%2Fwp%2Fv2%2Fcomments&post=2777"}],"version-history":[{"count":5,"href":"https:\/\/lefilentrop.fr\/index.php?rest_route=\/wp\/v2\/pages\/2777\/revisions"}],"predecessor-version":[{"id":3285,"href":"https:\/\/lefilentrop.fr\/index.php?rest_route=\/wp\/v2\/pages\/2777\/revisions\/3285"}],"wp:attachment":[{"href":"https:\/\/lefilentrop.fr\/index.php?rest_route=%2Fwp%2Fv2%2Fmedia&parent=2777"}],"curies":[{"name":"wp","href":"https:\/\/api.w.org\/{rel}","templated":true}]}}