{"id":2775,"date":"2021-07-17T14:40:26","date_gmt":"2021-07-17T12:40:26","guid":{"rendered":"https:\/\/lefilentrop.fr\/?page_id=2775"},"modified":"2023-02-23T08:29:41","modified_gmt":"2023-02-23T07:29:41","slug":"crochet","status":"publish","type":"page","link":"https:\/\/lefilentrop.fr\/?page_id=2775","title":{"rendered":"Crochet"},"content":{"rendered":"\n<h2 class=\"wp-block-heading\">D\u00e9butant<\/h2>\n\n\n\n<h4 class=\"has-text-align-center wp-block-heading\"><em>Atelier r\u00e9serv\u00e9 aux novices.<\/em><\/h4>\n\n\n\n<h4 class=\"has-text-align-center wp-block-heading\"><strong>40\u20ac<\/strong><\/h4>\n\n\n\n<p>Pour toutes celles et tous ceux qui souhaitent apprendre les points de base du crochet, venez apprendre durant un atelier de&nbsp;<strong>2H00<\/strong>&nbsp;avec&nbsp;<strong>un crochet et une pelote<\/strong>&nbsp;(coloris au choix)&nbsp;<strong>fournis<\/strong>&nbsp;! Durant l\u2019atelier vous apprendrez \u00e0 faire <strong>un \u00e9chantillon<\/strong> \u00e0 l&#8217;aide des<strong> diff\u00e9rents points<\/strong> : <span class=\"has-inline-color has-black-color\">le point de cha\u00eenette, la maille serr\u00e9e, la maille coul\u00e9e, la demie bride et la bride<\/span><span class=\"has-inline-color has-vivid-red-color\"> <\/span>! En deuxi\u00e8me partie vous commencerez <strong>un cache pot<\/strong> \u00e0 finir chez vous avec vos acquis !<\/p>\n\n\n\n<p>Une&nbsp;<strong>fiche r\u00e9cap\u2019&nbsp;<\/strong>vous est transmise \u00e0 la fin du cours et une pause (bien m\u00e9rit\u00e9e) vous sera propos\u00e9 avec la<strong>&nbsp;boisson<\/strong>&nbsp;de votre choix&nbsp;<strong>offerte<\/strong>&nbsp;!<\/p>\n\n\n\n<p>C\u2019est le moment de vous lancer pour r\u00e9aliser tous vos magnifiques futurs projets !<\/p>\n\n\n\n<p><strong>Inscriptions&nbsp;<\/strong>:&nbsp;Les cr\u00e9neaux disponibles sont visibles sur le calendrier dans le menu principal.<\/p>\n\n\n\n<p class=\"has-text-align-center\">09.50.90.96.95 \u2013 07.82.75.13.31<\/p>\n","protected":false},"excerpt":{"rendered":"<p>D\u00e9butant Atelier r\u00e9serv\u00e9 aux novices. 40\u20ac Pour toutes celles et tous ceux qui souhaitent apprendre les points de base du crochet, venez apprendre durant un atelier de&nbsp;2H00&nbsp;avec&nbsp;un crochet et une pelote&nbsp;(coloris au choix)&nbsp;fournis&nbsp;! Durant l\u2019atelier vous apprendrez \u00e0 faire un \u00e9chantillon \u00e0 l&#8217;aide des diff\u00e9rents points : le point de cha\u00eenette, la maille serr\u00e9e, la [&hellip;]<\/p>\n","protected":false},"author":1,"featured_media":0,"parent":0,"menu_order":0,"comment_status":"closed","ping_status":"closed","template":"","meta":{"footnotes":""},"yoast_head":"<!-- This site is optimized with the Yoast SEO plugin v21.9.1 - https:\/\/yoast.com\/wordpress\/plugins\/seo\/ -->\n<title>Crochet - Le Fil en Trop&#039; _ Caf\u00e9 Tricot<\/title>\n<meta name=\"robots\" content=\"index, follow, max-snippet:-1, max-image-preview:large, max-video-preview:-1\" \/>\n<link rel=\"canonical\" href=\"https:\/\/lefilentrop.fr\/?page_id=2775\" \/>\n<meta property=\"og:locale\" content=\"en_US\" \/>\n<meta property=\"og:type\" content=\"article\" \/>\n<meta property=\"og:title\" content=\"Crochet - Le Fil en Trop&#039; _ Caf\u00e9 Tricot\" \/>\n<meta property=\"og:description\" content=\"D\u00e9butant Atelier r\u00e9serv\u00e9 aux novices. 40\u20ac Pour toutes celles et tous ceux qui souhaitent apprendre les points de base du crochet, venez apprendre durant un atelier de&nbsp;2H00&nbsp;avec&nbsp;un crochet et une pelote&nbsp;(coloris au choix)&nbsp;fournis&nbsp;! Durant l\u2019atelier vous apprendrez \u00e0 faire un \u00e9chantillon \u00e0 l&#8217;aide des diff\u00e9rents points : le point de cha\u00eenette, la maille serr\u00e9e, la [&hellip;]\" \/>\n<meta property=\"og:url\" content=\"https:\/\/lefilentrop.fr\/?page_id=2775\" \/>\n<meta property=\"og:site_name\" content=\"Le Fil en Trop&#039; _ Caf\u00e9 Tricot\" \/>\n<meta property=\"article:publisher\" content=\"https:\/\/www.facebook.com\/lefilentrop.marseille\" \/>\n<meta property=\"article:modified_time\" content=\"2023-02-23T07:29:41+00:00\" \/>\n<meta name=\"twitter:card\" content=\"summary_large_image\" \/>\n<meta name=\"twitter:label1\" content=\"Est. reading time\" \/>\n\t<meta name=\"twitter:data1\" content=\"1 minute\" \/>\n<script type=\"application\/ld+json\" class=\"yoast-schema-graph\">{\"@context\":\"https:\/\/schema.org\",\"@graph\":[{\"@type\":\"WebPage\",\"@id\":\"https:\/\/lefilentrop.fr\/?page_id=2775\",\"url\":\"https:\/\/lefilentrop.fr\/?page_id=2775\",\"name\":\"Crochet - Le Fil en Trop&#039; _ Caf\u00e9 Tricot\",\"isPartOf\":{\"@id\":\"https:\/\/lefilentrop.fr\/#website\"},\"datePublished\":\"2021-07-17T12:40:26+00:00\",\"dateModified\":\"2023-02-23T07:29:41+00:00\",\"breadcrumb\":{\"@id\":\"https:\/\/lefilentrop.fr\/?page_id=2775#breadcrumb\"},\"inLanguage\":\"en-US\",\"potentialAction\":[{\"@type\":\"ReadAction\",\"target\":[\"https:\/\/lefilentrop.fr\/?page_id=2775\"]}]},{\"@type\":\"BreadcrumbList\",\"@id\":\"https:\/\/lefilentrop.fr\/?page_id=2775#breadcrumb\",\"itemListElement\":[{\"@type\":\"ListItem\",\"position\":1,\"name\":\"Accueil\",\"item\":\"https:\/\/lefilentrop.fr\/\"},{\"@type\":\"ListItem\",\"position\":2,\"name\":\"Crochet\"}]},{\"@type\":\"WebSite\",\"@id\":\"https:\/\/lefilentrop.fr\/#website\",\"url\":\"https:\/\/lefilentrop.fr\/\",\"name\":\"Le Fil en Trop' Caf\u00e9 Tricot\",\"description\":\"124 rue d&#039;Aubagne - 13006 Marseille\",\"publisher\":{\"@id\":\"https:\/\/lefilentrop.fr\/#organization\"},\"potentialAction\":[{\"@type\":\"SearchAction\",\"target\":{\"@type\":\"EntryPoint\",\"urlTemplate\":\"https:\/\/lefilentrop.fr\/?s={search_term_string}\"},\"query-input\":\"required name=search_term_string\"}],\"inLanguage\":\"en-US\"},{\"@type\":\"Organization\",\"@id\":\"https:\/\/lefilentrop.fr\/#organization\",\"name\":\"Le Fil en Trop'\",\"url\":\"https:\/\/lefilentrop.fr\/\",\"logo\":{\"@type\":\"ImageObject\",\"inLanguage\":\"en-US\",\"@id\":\"https:\/\/lefilentrop.fr\/#\/schema\/logo\/image\/\",\"url\":\"https:\/\/lefilentrop.fr\/wp-content\/uploads\/2020\/11\/lefilentrop.logo_.1-e1604242662254.png\",\"contentUrl\":\"https:\/\/lefilentrop.fr\/wp-content\/uploads\/2020\/11\/lefilentrop.logo_.1-e1604242662254.png\",\"width\":100,\"height\":99,\"caption\":\"Le Fil en Trop'\"},\"image\":{\"@id\":\"https:\/\/lefilentrop.fr\/#\/schema\/logo\/image\/\"},\"sameAs\":[\"https:\/\/www.facebook.com\/lefilentrop.marseille\",\"https:\/\/www.instagram.com\/lefilentrop.marseille\/?hl=fr\"]}]}<\/script>\n<!-- \/ Yoast SEO plugin. -->","yoast_head_json":{"title":"Crochet - Le Fil en Trop&#039; _ Caf\u00e9 Tricot","robots":{"index":"index","follow":"follow","max-snippet":"max-snippet:-1","max-image-preview":"max-image-preview:large","max-video-preview":"max-video-preview:-1"},"canonical":"https:\/\/lefilentrop.fr\/?page_id=2775","og_locale":"en_US","og_type":"article","og_title":"Crochet - Le Fil en Trop&#039; _ Caf\u00e9 Tricot","og_description":"D\u00e9butant Atelier r\u00e9serv\u00e9 aux novices. 40\u20ac Pour toutes celles et tous ceux qui souhaitent apprendre les points de base du crochet, venez apprendre durant un atelier de&nbsp;2H00&nbsp;avec&nbsp;un crochet et une pelote&nbsp;(coloris au choix)&nbsp;fournis&nbsp;! Durant l\u2019atelier vous apprendrez \u00e0 faire un \u00e9chantillon \u00e0 l&#8217;aide des diff\u00e9rents points : le point de cha\u00eenette, la maille serr\u00e9e, la [&hellip;]","og_url":"https:\/\/lefilentrop.fr\/?page_id=2775","og_site_name":"Le Fil en Trop&#039; _ Caf\u00e9 Tricot","article_publisher":"https:\/\/www.facebook.com\/lefilentrop.marseille","article_modified_time":"2023-02-23T07:29:41+00:00","twitter_card":"summary_large_image","twitter_misc":{"Est. reading time":"1 minute"},"schema":{"@context":"https:\/\/schema.org","@graph":[{"@type":"WebPage","@id":"https:\/\/lefilentrop.fr\/?page_id=2775","url":"https:\/\/lefilentrop.fr\/?page_id=2775","name":"Crochet - Le Fil en Trop&#039; _ Caf\u00e9 Tricot","isPartOf":{"@id":"https:\/\/lefilentrop.fr\/#website"},"datePublished":"2021-07-17T12:40:26+00:00","dateModified":"2023-02-23T07:29:41+00:00","breadcrumb":{"@id":"https:\/\/lefilentrop.fr\/?page_id=2775#breadcrumb"},"inLanguage":"en-US","potentialAction":[{"@type":"ReadAction","target":["https:\/\/lefilentrop.fr\/?page_id=2775"]}]},{"@type":"BreadcrumbList","@id":"https:\/\/lefilentrop.fr\/?page_id=2775#breadcrumb","itemListElement":[{"@type":"ListItem","position":1,"name":"Accueil","item":"https:\/\/lefilentrop.fr\/"},{"@type":"ListItem","position":2,"name":"Crochet"}]},{"@type":"WebSite","@id":"https:\/\/lefilentrop.fr\/#website","url":"https:\/\/lefilentrop.fr\/","name":"Le Fil en Trop' Caf\u00e9 Tricot","description":"124 rue d&#039;Aubagne - 13006 Marseille","publisher":{"@id":"https:\/\/lefilentrop.fr\/#organization"},"potentialAction":[{"@type":"SearchAction","target":{"@type":"EntryPoint","urlTemplate":"https:\/\/lefilentrop.fr\/?s={search_term_string}"},"query-input":"required name=search_term_string"}],"inLanguage":"en-US"},{"@type":"Organization","@id":"https:\/\/lefilentrop.fr\/#organization","name":"Le Fil en Trop'","url":"https:\/\/lefilentrop.fr\/","logo":{"@type":"ImageObject","inLanguage":"en-US","@id":"https:\/\/lefilentrop.fr\/#\/schema\/logo\/image\/","url":"https:\/\/lefilentrop.fr\/wp-content\/uploads\/2020\/11\/lefilentrop.logo_.1-e1604242662254.png","contentUrl":"https:\/\/lefilentrop.fr\/wp-content\/uploads\/2020\/11\/lefilentrop.logo_.1-e1604242662254.png","width":100,"height":99,"caption":"Le Fil en Trop'"},"image":{"@id":"https:\/\/lefilentrop.fr\/#\/schema\/logo\/image\/"},"sameAs":["https:\/\/www.facebook.com\/lefilentrop.marseille","https:\/\/www.instagram.com\/lefilentrop.marseille\/?hl=fr"]}]}},"jetpack_sharing_enabled":true,"_links":{"self":[{"href":"https:\/\/lefilentrop.fr\/index.php?rest_route=\/wp\/v2\/pages\/2775"}],"collection":[{"href":"https:\/\/lefilentrop.fr\/index.php?rest_route=\/wp\/v2\/pages"}],"about":[{"href":"https:\/\/lefilentrop.fr\/index.php?rest_route=\/wp\/v2\/types\/page"}],"author":[{"embeddable":true,"href":"https:\/\/lefilentrop.fr\/index.php?rest_route=\/wp\/v2\/users\/1"}],"replies":[{"embeddable":true,"href":"https:\/\/lefilentrop.fr\/index.php?rest_route=%2Fwp%2Fv2%2Fcomments&post=2775"}],"version-history":[{"count":5,"href":"https:\/\/lefilentrop.fr\/index.php?rest_route=\/wp\/v2\/pages\/2775\/revisions"}],"predecessor-version":[{"id":3284,"href":"https:\/\/lefilentrop.fr\/index.php?rest_route=\/wp\/v2\/pages\/2775\/revisions\/3284"}],"wp:attachment":[{"href":"https:\/\/lefilentrop.fr\/index.php?rest_route=%2Fwp%2Fv2%2Fmedia&parent=2775"}],"curies":[{"name":"wp","href":"https:\/\/api.w.org\/{rel}","templated":true}]}}