{"id":211,"date":"2019-09-24T16:26:55","date_gmt":"2019-09-24T14:26:55","guid":{"rendered":"https:\/\/lefilentrop.fr\/?page_id=211"},"modified":"2023-02-23T08:29:00","modified_gmt":"2023-02-23T07:29:00","slug":"aiguilles-crochets","status":"publish","type":"page","link":"https:\/\/lefilentrop.fr\/?page_id=211","title":{"rendered":"Aiguilles"},"content":{"rendered":"\n<div class=\"wp-block-media-text alignwide\"><figure class=\"wp-block-media-text__media\"><img loading=\"lazy\" decoding=\"async\" width=\"1024\" height=\"1024\" src=\"https:\/\/lefilentrop.fr\/wp-content\/uploads\/2020\/08\/Image_3-2-1024x1024.jpg\" alt=\"\" class=\"wp-image-777\" srcset=\"https:\/\/lefilentrop.fr\/wp-content\/uploads\/2020\/08\/Image_3-2-1024x1024.jpg 1024w, https:\/\/lefilentrop.fr\/wp-content\/uploads\/2020\/08\/Image_3-2-300x300.jpg 300w, https:\/\/lefilentrop.fr\/wp-content\/uploads\/2020\/08\/Image_3-2-100x100.jpg 100w, https:\/\/lefilentrop.fr\/wp-content\/uploads\/2020\/08\/Image_3-2-600x600.jpg 600w, https:\/\/lefilentrop.fr\/wp-content\/uploads\/2020\/08\/Image_3-2-150x150.jpg 150w, https:\/\/lefilentrop.fr\/wp-content\/uploads\/2020\/08\/Image_3-2-768x768.jpg 768w, https:\/\/lefilentrop.fr\/wp-content\/uploads\/2020\/08\/Image_3-2-1536x1536.jpg 1536w, https:\/\/lefilentrop.fr\/wp-content\/uploads\/2020\/08\/Image_3-2.jpg 2035w\" sizes=\"(max-width: 1024px) 100vw, 1024px\" \/><\/figure><div class=\"wp-block-media-text__content\">\n<p class=\"has-very-dark-gray-color has-text-color has-large-font-size\"><a href=\"https:\/\/lefilentrop.fr\/?page_id=345\">Droites<\/a><\/p>\n\n\n\n<p class=\"has-very-dark-gray-color has-text-color\"><a href=\"https:\/\/lefilentrop.fr\/?page_id=345\">Venez choisir votre taille et votre mati\u00e8re.<\/a><\/p>\n<\/div><\/div>\n\n\n\n<div class=\"wp-block-media-text alignwide has-media-on-the-right\"><figure class=\"wp-block-media-text__media\"><img loading=\"lazy\" decoding=\"async\" width=\"1024\" height=\"1024\" src=\"https:\/\/lefilentrop.fr\/wp-content\/uploads\/2020\/08\/image00031-1024x1024.jpeg\" alt=\"\" class=\"wp-image-834\" srcset=\"https:\/\/lefilentrop.fr\/wp-content\/uploads\/2020\/08\/image00031-1024x1024.jpeg 1024w, https:\/\/lefilentrop.fr\/wp-content\/uploads\/2020\/08\/image00031-300x300.jpeg 300w, https:\/\/lefilentrop.fr\/wp-content\/uploads\/2020\/08\/image00031-100x100.jpeg 100w, https:\/\/lefilentrop.fr\/wp-content\/uploads\/2020\/08\/image00031-600x600.jpeg 600w, https:\/\/lefilentrop.fr\/wp-content\/uploads\/2020\/08\/image00031-150x150.jpeg 150w, https:\/\/lefilentrop.fr\/wp-content\/uploads\/2020\/08\/image00031-768x768.jpeg 768w, https:\/\/lefilentrop.fr\/wp-content\/uploads\/2020\/08\/image00031-1536x1536.jpeg 1536w, https:\/\/lefilentrop.fr\/wp-content\/uploads\/2020\/08\/image00031.jpeg 2035w\" sizes=\"(max-width: 1024px) 100vw, 1024px\" \/><\/figure><div class=\"wp-block-media-text__content\">\n<p class=\"has-very-dark-gray-color has-text-color has-large-font-size\"><a href=\"https:\/\/lefilentrop.fr\/?page_id=338\">Circulaires<\/a><\/p>\n\n\n\n<p class=\"has-very-dark-gray-color has-text-color\"><a href=\"https:\/\/lefilentrop.fr\/?page_id=338\"> Venez choisir votre taille et votre mati\u00e8re. <\/a><\/p>\n<\/div><\/div>\n\n\n\n<div class=\"wp-block-media-text alignwide\"><figure class=\"wp-block-media-text__media\"><img loading=\"lazy\" decoding=\"async\" width=\"1024\" height=\"1024\" src=\"https:\/\/lefilentrop.fr\/wp-content\/uploads\/2020\/08\/Image_12-1-1024x1024.jpg\" alt=\"\" class=\"wp-image-778\" srcset=\"https:\/\/lefilentrop.fr\/wp-content\/uploads\/2020\/08\/Image_12-1-1024x1024.jpg 1024w, https:\/\/lefilentrop.fr\/wp-content\/uploads\/2020\/08\/Image_12-1-300x300.jpg 300w, https:\/\/lefilentrop.fr\/wp-content\/uploads\/2020\/08\/Image_12-1-100x100.jpg 100w, https:\/\/lefilentrop.fr\/wp-content\/uploads\/2020\/08\/Image_12-1-600x600.jpg 600w, https:\/\/lefilentrop.fr\/wp-content\/uploads\/2020\/08\/Image_12-1-150x150.jpg 150w, https:\/\/lefilentrop.fr\/wp-content\/uploads\/2020\/08\/Image_12-1-768x768.jpg 768w, https:\/\/lefilentrop.fr\/wp-content\/uploads\/2020\/08\/Image_12-1-1536x1536.jpg 1536w, https:\/\/lefilentrop.fr\/wp-content\/uploads\/2020\/08\/Image_12-1.jpg 1717w\" sizes=\"(max-width: 1024px) 100vw, 1024px\" \/><\/figure><div class=\"wp-block-media-text__content\">\n<p class=\"has-very-dark-gray-color has-text-color has-large-font-size\"><a href=\"https:\/\/lefilentrop.fr\/?page_id=340\">Double Pointe<\/a><\/p>\n\n\n\n<p class=\"has-very-dark-gray-color has-text-color\"><a href=\"https:\/\/lefilentrop.fr\/?page_id=340\"> Venez choisir votre taille et votre mati\u00e8re. <\/a><\/p>\n<\/div><\/div>\n\n\n\n<div class=\"wp-block-media-text alignwide has-media-on-the-right is-stacked-on-mobile\"><figure class=\"wp-block-media-text__media\"><img loading=\"lazy\" decoding=\"async\" width=\"1024\" height=\"1024\" src=\"https:\/\/lefilentrop.fr\/wp-content\/uploads\/2020\/10\/IMG_20201014_105938-2-1024x1024.jpg\" alt=\"\" class=\"wp-image-1810\" srcset=\"https:\/\/lefilentrop.fr\/wp-content\/uploads\/2020\/10\/IMG_20201014_105938-2-1024x1024.jpg 1024w, https:\/\/lefilentrop.fr\/wp-content\/uploads\/2020\/10\/IMG_20201014_105938-2-300x300.jpg 300w, https:\/\/lefilentrop.fr\/wp-content\/uploads\/2020\/10\/IMG_20201014_105938-2-150x150.jpg 150w, https:\/\/lefilentrop.fr\/wp-content\/uploads\/2020\/10\/IMG_20201014_105938-2-768x768.jpg 768w, https:\/\/lefilentrop.fr\/wp-content\/uploads\/2020\/10\/IMG_20201014_105938-2-1536x1536.jpg 1536w, https:\/\/lefilentrop.fr\/wp-content\/uploads\/2020\/10\/IMG_20201014_105938-2-2048x2048.jpg 2048w, https:\/\/lefilentrop.fr\/wp-content\/uploads\/2020\/10\/IMG_20201014_105938-2-600x600.jpg 600w, https:\/\/lefilentrop.fr\/wp-content\/uploads\/2020\/10\/IMG_20201014_105938-2-100x100.jpg 100w\" sizes=\"(max-width: 1024px) 100vw, 1024px\" \/><\/figure><div class=\"wp-block-media-text__content\">\n<p class=\"has-large-font-size\"><a href=\"https:\/\/lefilentrop.fr\/?page_id=1807\"><span class=\"has-inline-color has-black-color\">Aiguilles interchangeables<\/span><\/a><\/p>\n\n\n\n<p><a href=\"https:\/\/lefilentrop.fr\/?page_id=1807\"><span class=\"has-inline-color has-black-color\">Venez choisir votre taille<\/span><\/a><\/p>\n<\/div><\/div>\n\n\n\n<p><\/p>\n","protected":false},"excerpt":{"rendered":"<p>Droites Venez choisir votre taille et votre mati\u00e8re. Circulaires Venez choisir votre taille et votre mati\u00e8re. Double Pointe Venez choisir votre taille et votre mati\u00e8re. Aiguilles interchangeables Venez choisir votre taille<\/p>\n","protected":false},"author":1,"featured_media":0,"parent":283,"menu_order":0,"comment_status":"closed","ping_status":"closed","template":"","meta":{"footnotes":""},"yoast_head":"<!-- This site is optimized with the Yoast SEO plugin v21.9.1 - https:\/\/yoast.com\/wordpress\/plugins\/seo\/ -->\n<title>Aiguilles - Le Fil en Trop&#039; _ Caf\u00e9 Tricot<\/title>\n<meta name=\"robots\" content=\"index, follow, max-snippet:-1, max-image-preview:large, max-video-preview:-1\" \/>\n<link rel=\"canonical\" href=\"https:\/\/lefilentrop.fr\/?page_id=211\" \/>\n<meta property=\"og:locale\" content=\"en_US\" \/>\n<meta property=\"og:type\" content=\"article\" \/>\n<meta property=\"og:title\" content=\"Aiguilles - Le Fil en Trop&#039; _ Caf\u00e9 Tricot\" \/>\n<meta property=\"og:description\" content=\"Droites Venez choisir votre taille et votre mati\u00e8re. Circulaires Venez choisir votre taille et votre mati\u00e8re. Double Pointe Venez choisir votre taille et votre mati\u00e8re. Aiguilles interchangeables Venez choisir votre taille\" \/>\n<meta property=\"og:url\" content=\"https:\/\/lefilentrop.fr\/?page_id=211\" \/>\n<meta property=\"og:site_name\" content=\"Le Fil en Trop&#039; _ Caf\u00e9 Tricot\" \/>\n<meta property=\"article:publisher\" content=\"https:\/\/www.facebook.com\/lefilentrop.marseille\" \/>\n<meta property=\"article:modified_time\" content=\"2023-02-23T07:29:00+00:00\" \/>\n<meta property=\"og:image\" content=\"https:\/\/lefilentrop.fr\/wp-content\/uploads\/2020\/08\/Image_3-2-1024x1024.jpg\" \/>\n<meta name=\"twitter:card\" content=\"summary_large_image\" \/>\n<script type=\"application\/ld+json\" class=\"yoast-schema-graph\">{\"@context\":\"https:\/\/schema.org\",\"@graph\":[{\"@type\":\"WebPage\",\"@id\":\"https:\/\/lefilentrop.fr\/?page_id=211\",\"url\":\"https:\/\/lefilentrop.fr\/?page_id=211\",\"name\":\"Aiguilles - Le Fil en Trop&#039; _ Caf\u00e9 Tricot\",\"isPartOf\":{\"@id\":\"https:\/\/lefilentrop.fr\/#website\"},\"datePublished\":\"2019-09-24T14:26:55+00:00\",\"dateModified\":\"2023-02-23T07:29:00+00:00\",\"breadcrumb\":{\"@id\":\"https:\/\/lefilentrop.fr\/?page_id=211#breadcrumb\"},\"inLanguage\":\"en-US\",\"potentialAction\":[{\"@type\":\"ReadAction\",\"target\":[\"https:\/\/lefilentrop.fr\/?page_id=211\"]}]},{\"@type\":\"BreadcrumbList\",\"@id\":\"https:\/\/lefilentrop.fr\/?page_id=211#breadcrumb\",\"itemListElement\":[{\"@type\":\"ListItem\",\"position\":1,\"name\":\"Accueil\",\"item\":\"https:\/\/lefilentrop.fr\/\"},{\"@type\":\"ListItem\",\"position\":2,\"name\":\"Articles mercerie\",\"item\":\"https:\/\/lefilentrop.fr\/?page_id=283\"},{\"@type\":\"ListItem\",\"position\":3,\"name\":\"Aiguilles\"}]},{\"@type\":\"WebSite\",\"@id\":\"https:\/\/lefilentrop.fr\/#website\",\"url\":\"https:\/\/lefilentrop.fr\/\",\"name\":\"Le Fil en Trop' Caf\u00e9 Tricot\",\"description\":\"124 rue d&#039;Aubagne - 13006 Marseille\",\"publisher\":{\"@id\":\"https:\/\/lefilentrop.fr\/#organization\"},\"potentialAction\":[{\"@type\":\"SearchAction\",\"target\":{\"@type\":\"EntryPoint\",\"urlTemplate\":\"https:\/\/lefilentrop.fr\/?s={search_term_string}\"},\"query-input\":\"required name=search_term_string\"}],\"inLanguage\":\"en-US\"},{\"@type\":\"Organization\",\"@id\":\"https:\/\/lefilentrop.fr\/#organization\",\"name\":\"Le Fil en Trop'\",\"url\":\"https:\/\/lefilentrop.fr\/\",\"logo\":{\"@type\":\"ImageObject\",\"inLanguage\":\"en-US\",\"@id\":\"https:\/\/lefilentrop.fr\/#\/schema\/logo\/image\/\",\"url\":\"https:\/\/lefilentrop.fr\/wp-content\/uploads\/2020\/11\/lefilentrop.logo_.1-e1604242662254.png\",\"contentUrl\":\"https:\/\/lefilentrop.fr\/wp-content\/uploads\/2020\/11\/lefilentrop.logo_.1-e1604242662254.png\",\"width\":100,\"height\":99,\"caption\":\"Le Fil en Trop'\"},\"image\":{\"@id\":\"https:\/\/lefilentrop.fr\/#\/schema\/logo\/image\/\"},\"sameAs\":[\"https:\/\/www.facebook.com\/lefilentrop.marseille\",\"https:\/\/www.instagram.com\/lefilentrop.marseille\/?hl=fr\"]}]}<\/script>\n<!-- \/ Yoast SEO plugin. -->","yoast_head_json":{"title":"Aiguilles - Le Fil en Trop&#039; _ Caf\u00e9 Tricot","robots":{"index":"index","follow":"follow","max-snippet":"max-snippet:-1","max-image-preview":"max-image-preview:large","max-video-preview":"max-video-preview:-1"},"canonical":"https:\/\/lefilentrop.fr\/?page_id=211","og_locale":"en_US","og_type":"article","og_title":"Aiguilles - Le Fil en Trop&#039; _ Caf\u00e9 Tricot","og_description":"Droites Venez choisir votre taille et votre mati\u00e8re. Circulaires Venez choisir votre taille et votre mati\u00e8re. Double Pointe Venez choisir votre taille et votre mati\u00e8re. Aiguilles interchangeables Venez choisir votre taille","og_url":"https:\/\/lefilentrop.fr\/?page_id=211","og_site_name":"Le Fil en Trop&#039; _ Caf\u00e9 Tricot","article_publisher":"https:\/\/www.facebook.com\/lefilentrop.marseille","article_modified_time":"2023-02-23T07:29:00+00:00","og_image":[{"url":"https:\/\/lefilentrop.fr\/wp-content\/uploads\/2020\/08\/Image_3-2-1024x1024.jpg"}],"twitter_card":"summary_large_image","schema":{"@context":"https:\/\/schema.org","@graph":[{"@type":"WebPage","@id":"https:\/\/lefilentrop.fr\/?page_id=211","url":"https:\/\/lefilentrop.fr\/?page_id=211","name":"Aiguilles - Le Fil en Trop&#039; _ Caf\u00e9 Tricot","isPartOf":{"@id":"https:\/\/lefilentrop.fr\/#website"},"datePublished":"2019-09-24T14:26:55+00:00","dateModified":"2023-02-23T07:29:00+00:00","breadcrumb":{"@id":"https:\/\/lefilentrop.fr\/?page_id=211#breadcrumb"},"inLanguage":"en-US","potentialAction":[{"@type":"ReadAction","target":["https:\/\/lefilentrop.fr\/?page_id=211"]}]},{"@type":"BreadcrumbList","@id":"https:\/\/lefilentrop.fr\/?page_id=211#breadcrumb","itemListElement":[{"@type":"ListItem","position":1,"name":"Accueil","item":"https:\/\/lefilentrop.fr\/"},{"@type":"ListItem","position":2,"name":"Articles mercerie","item":"https:\/\/lefilentrop.fr\/?page_id=283"},{"@type":"ListItem","position":3,"name":"Aiguilles"}]},{"@type":"WebSite","@id":"https:\/\/lefilentrop.fr\/#website","url":"https:\/\/lefilentrop.fr\/","name":"Le Fil en Trop' Caf\u00e9 Tricot","description":"124 rue d&#039;Aubagne - 13006 Marseille","publisher":{"@id":"https:\/\/lefilentrop.fr\/#organization"},"potentialAction":[{"@type":"SearchAction","target":{"@type":"EntryPoint","urlTemplate":"https:\/\/lefilentrop.fr\/?s={search_term_string}"},"query-input":"required name=search_term_string"}],"inLanguage":"en-US"},{"@type":"Organization","@id":"https:\/\/lefilentrop.fr\/#organization","name":"Le Fil en Trop'","url":"https:\/\/lefilentrop.fr\/","logo":{"@type":"ImageObject","inLanguage":"en-US","@id":"https:\/\/lefilentrop.fr\/#\/schema\/logo\/image\/","url":"https:\/\/lefilentrop.fr\/wp-content\/uploads\/2020\/11\/lefilentrop.logo_.1-e1604242662254.png","contentUrl":"https:\/\/lefilentrop.fr\/wp-content\/uploads\/2020\/11\/lefilentrop.logo_.1-e1604242662254.png","width":100,"height":99,"caption":"Le Fil en Trop'"},"image":{"@id":"https:\/\/lefilentrop.fr\/#\/schema\/logo\/image\/"},"sameAs":["https:\/\/www.facebook.com\/lefilentrop.marseille","https:\/\/www.instagram.com\/lefilentrop.marseille\/?hl=fr"]}]}},"jetpack_sharing_enabled":true,"_links":{"self":[{"href":"https:\/\/lefilentrop.fr\/index.php?rest_route=\/wp\/v2\/pages\/211"}],"collection":[{"href":"https:\/\/lefilentrop.fr\/index.php?rest_route=\/wp\/v2\/pages"}],"about":[{"href":"https:\/\/lefilentrop.fr\/index.php?rest_route=\/wp\/v2\/types\/page"}],"author":[{"embeddable":true,"href":"https:\/\/lefilentrop.fr\/index.php?rest_route=\/wp\/v2\/users\/1"}],"replies":[{"embeddable":true,"href":"https:\/\/lefilentrop.fr\/index.php?rest_route=%2Fwp%2Fv2%2Fcomments&post=211"}],"version-history":[{"count":9,"href":"https:\/\/lefilentrop.fr\/index.php?rest_route=\/wp\/v2\/pages\/211\/revisions"}],"predecessor-version":[{"id":1964,"href":"https:\/\/lefilentrop.fr\/index.php?rest_route=\/wp\/v2\/pages\/211\/revisions\/1964"}],"up":[{"embeddable":true,"href":"https:\/\/lefilentrop.fr\/index.php?rest_route=\/wp\/v2\/pages\/283"}],"wp:attachment":[{"href":"https:\/\/lefilentrop.fr\/index.php?rest_route=%2Fwp%2Fv2%2Fmedia&parent=211"}],"curies":[{"name":"wp","href":"https:\/\/api.w.org\/{rel}","templated":true}]}}